{"id":8571,"date":"2017-08-08T07:54:16","date_gmt":"2017-08-08T04:54:16","guid":{"rendered":"https:\/\/sideboattour.com\/private-boat-tour\/bize-ulasin\/"},"modified":"2024-04-29T13:31:14","modified_gmt":"2024-04-29T10:31:14","slug":"bize-ulasin","status":"publish","type":"page","link":"https:\/\/sideboattour.com\/private-boat-tour\/tr\/bize-ulasin\/","title":{"rendered":"Bize Ula\u015f\u0131n"},"content":{"rendered":"<section class=\"wpb-content-wrapper\"><p>[vc_row css=&#8221;.vc_custom_1504083448807{padding-top: 82px !important;padding-bottom: 85px !important;}&#8221;][vc_column]<div class=\"mkdf-elements-holder   mkdf-two-columns  mkdf-responsive-mode-1024 \" ><div class=\"mkdf-eh-item   mkdf-horizontal-alignment-right \"  data-item-class=\"mkdf-eh-custom-5393\" data-1280-1600=\"0 5% 29px 16%\" data-1024-1280=\"0 8% 29px 8%\" data-768-1024=\"0 15% 29px 25%\" data-680-768=\"0 8% 29px 20%\" data-680=\"0 9% 29px 3%\">\n\t<div class=\"mkdf-eh-item-inner\">\n\t\t<div class=\"mkdf-eh-item-content mkdf-eh-custom-5393\" style=\"padding: 0 5% 29px 30%\">\n\t\t\t[vc_column_text]<\/p>\n<h3 style=\"text-align: right;\">Yard\u0131m Almak veya Ek Bilgi \u0130\u00e7in Bize Ula\u015fmaktan \u00c7ekinmeyin<\/h3>\n<p>[\/vc_column_text][vc_column_text]<\/p>\n<h5 style=\"text-align: right; line-height: 28px;\">Side Tekne Turu<br \/>\nDestina Tekne<\/h5>\n<h5 style=\"text-align: right; line-height: 28px;\">Side Liman\u0131<\/h5>\n<p>e-posta: <a href=\"mailto:info@sideboattour.com\">info@sideboattour.com<\/a><br \/>\nTelefon <a href=\"tel:+905375570151\">+90 537 557 01 51<\/a><\/p>\n<p>[\/vc_column_text][vc_empty_space]    <span class=\"mkdf-icon-shortcode mkdf-normal   \" style=\"margin: 0 30px 0 0\" data-hover-color=\"#ff681a\" data-color=\"#303030\">\n                    <a itemprop=\"url\" class=\"\" href=\"https:\/\/www.instagram.com\/sideboattour\/\" target=\"_blank\">\n                    <span aria-hidden=\"true\" class=\"mkdf-icon-font-elegant social_instagram mkdf-icon-element\" style=\"color: #303030;font-size:15px\" ><\/span>\n            \n                    <\/a>\n            <\/span>\n    <span class=\"mkdf-icon-shortcode mkdf-normal   \" style=\"margin: 0 30px 0 0\" data-hover-color=\"#ff681a\" data-color=\"#303030\">\n                    <a itemprop=\"url\" class=\"\" href=\"https:\/\/www.facebook.com\/profile.php?id=100063714064987\" target=\"_blank\">\n                    <span aria-hidden=\"true\" class=\"mkdf-icon-font-elegant social_facebook mkdf-icon-element\" style=\"color: #303030;font-size:15px\" ><\/span>\n            \n                    <\/a>\n            <\/span>\n\t\t<\/div>\n\t<\/div>\n<\/div><div class=\"mkdf-eh-item    \"  data-item-class=\"mkdf-eh-custom-4012\" data-1024-1280=\"25px 12% 0 0\" data-768-1024=\"25px 15% 0 15%\" data-680-768=\"25px 8% 0\" data-680=\"25px 8% 0\">\n\t<div class=\"mkdf-eh-item-inner\">\n\t\t<div class=\"mkdf-eh-item-content mkdf-eh-custom-4012\" style=\"padding: 25px 20% 0 0\">\n\t\t\t\n<div class=\"wpcf7 no-js\" id=\"wpcf7-f8707-o1\" lang=\"tr-TR\" dir=\"ltr\" data-wpcf7-id=\"8707\">\n<div class=\"screen-reader-response\"><p role=\"status\" aria-live=\"polite\" aria-atomic=\"true\"><\/p> <ul><\/ul><\/div>\n<form action=\"\/private-boat-tour\/tr\/wp-json\/wp\/v2\/pages\/8571#wpcf7-f8707-o1\" method=\"post\" class=\"wpcf7-form init\" aria-label=\"\u0130leti\u015fim Formu\" novalidate=\"novalidate\" data-status=\"init\">\n<fieldset class=\"hidden-fields-container\"><input type=\"hidden\" name=\"_wpcf7\" value=\"8707\" \/><input type=\"hidden\" name=\"_wpcf7_version\" value=\"6.1.5\" \/><input type=\"hidden\" name=\"_wpcf7_locale\" value=\"tr_TR\" \/><input type=\"hidden\" name=\"_wpcf7_unit_tag\" value=\"wpcf7-f8707-o1\" \/><input type=\"hidden\" name=\"_wpcf7_container_post\" value=\"0\" \/><input type=\"hidden\" name=\"_wpcf7_posted_data_hash\" value=\"\" \/><input type=\"hidden\" name=\"_wpcf7_recaptcha_response\" value=\"\" \/>\n<\/fieldset>\n<div class=\"mkdf-two-columns-form-without-space\">\n\t<div class=\"mkdf-grid-col-6\">\n\t\t<p><span class=\"wpcf7-form-control-wrap\" data-name=\"your-name\"><input size=\"40\" maxlength=\"400\" class=\"wpcf7-form-control wpcf7-text\" aria-invalid=\"false\" placeholder=\"Ad Soyad\" value=\"\" type=\"text\" name=\"your-name\" \/><\/span>\n\t\t<\/p>\n\t<\/div>\n\t<div class=\"mkdf-grid-col-6\">\n\t\t<p><span class=\"wpcf7-form-control-wrap\" data-name=\"your-email\"><input size=\"40\" maxlength=\"400\" class=\"wpcf7-form-control wpcf7-text wpcf7-validates-as-required\" aria-required=\"true\" aria-invalid=\"false\" placeholder=\"E-Posta*\" value=\"\" type=\"text\" name=\"your-email\" \/><\/span>\n\t\t<\/p>\n\t<\/div>\n\t<div class=\"mkdf-grid-col-12\">\n\t\t<p><span class=\"wpcf7-form-control-wrap\" data-name=\"your-subject\"><input size=\"40\" maxlength=\"400\" class=\"wpcf7-form-control wpcf7-text wpcf7-validates-as-required\" aria-required=\"true\" aria-invalid=\"false\" placeholder=\"Konu\" value=\"\" type=\"text\" name=\"your-subject\" \/><\/span>\n\t\t<\/p>\n\t<\/div>\n\t<div class=\"mkdf-grid-col-12\">\n\t\t<p><span class=\"wpcf7-form-control-wrap\" data-name=\"your-message\"><textarea cols=\"40\" rows=\"10\" maxlength=\"2000\" class=\"wpcf7-form-control wpcf7-textarea wpcf7-validates-as-required\" aria-required=\"true\" aria-invalid=\"false\" placeholder=\"Mesaj\" name=\"your-message\"><\/textarea><\/span><br \/>\n<input class=\"wpcf7-form-control wpcf7-submit has-spinner mkdf-cf7-full-width\" type=\"submit\" value=\"G\u00d6NDER\" \/>\n\t\t<\/p>\n\t<\/div>\n<\/div><div class=\"wpcf7-response-output\" aria-hidden=\"true\"><\/div>\n<\/form>\n<\/div>\n\t\t<\/div>\n\t<\/div>\n<\/div><\/div>[\/vc_column][\/vc_row][vc_row][vc_column]<div class=\"mkdf-google-map-holder\">\n\t<div class=\"mkdf-google-map\" id=\"mkdf-map-2615436\" data-addresses='[\"Jamaica Ave, New York, USA\"]' data-custom-map-style=no data-color-overlay=#393939 data-saturation=-100 data-lightness=-60 data-zoom=12 data-pin=https:\/\/sideboattour.com\/private-boat-tour\/wp-content\/uploads\/2017\/08\/google-map-pin-img.png data-unique-id=2615436 data-scroll-wheel=no data-height=550px data-predefined-style=yes><\/div>\n\t\t\t<div class=\"mkdf-google-map-overlay\"><\/div>\n\t<\/div>\n[\/vc_column][\/vc_row]<\/p>\n<\/section>","protected":false},"excerpt":{"rendered":"<p>[vc_row css=&#8221;.vc_custom_1504083448807{padding-top: 82px !important;padding-bottom: 85px !important;}&#8221;][vc_column][\/vc_column][\/vc_row][vc_row][vc_column][\/vc_column][\/vc_row]<\/p>\n","protected":false},"author":1,"featured_media":0,"parent":0,"menu_order":0,"comment_status":"closed","ping_status":"closed","template":"full-width.php","meta":{"footnotes":""},"class_list":["post-8571","page","type-page","status-publish","hentry"],"yoast_head":"<!-- This site is optimized with the Yoast SEO Premium plugin v24.7 (Yoast SEO v26.2) - https:\/\/yoast.com\/wordpress\/plugins\/seo\/ -->\n<title>Bize Ula\u015f\u0131n - Side Boat Tour<\/title>\n<meta name=\"robots\" content=\"index, follow, max-snippet:-1, max-image-preview:large, max-video-preview:-1\" \/>\n<link rel=\"canonical\" href=\"https:\/\/sideboattour.com\/private-boat-tour\/tr\/bize-ulasin\/\" \/>\n<meta property=\"og:locale\" content=\"tr_TR\" \/>\n<meta property=\"og:type\" content=\"article\" \/>\n<meta property=\"og:title\" content=\"Bize Ula\u015f\u0131n\" \/>\n<meta property=\"og:description\" content=\"[vc_row css=&#8221;.vc_custom_1504083448807{padding-top: 82px !important;padding-bottom: 85px !important;}&#8221;][vc_column][\/vc_column][\/vc_row][vc_row][vc_column][\/vc_column][\/vc_row]\" \/>\n<meta property=\"og:url\" content=\"https:\/\/sideboattour.com\/private-boat-tour\/tr\/bize-ulasin\/\" \/>\n<meta property=\"og:site_name\" content=\"Side Boat Tour\" \/>\n<meta property=\"article:modified_time\" content=\"2024-04-29T10:31:14+00:00\" \/>\n<meta name=\"twitter:card\" content=\"summary_large_image\" \/>\n<meta name=\"twitter:label1\" content=\"Tahmini okuma s\u00fcresi\" \/>\n\t<meta name=\"twitter:data1\" content=\"1 dakika\" \/>\n<script type=\"application\/ld+json\" class=\"yoast-schema-graph\">{\"@context\":\"https:\/\/schema.org\",\"@graph\":[{\"@type\":\"WebPage\",\"@id\":\"https:\/\/sideboattour.com\/private-boat-tour\/tr\/bize-ulasin\/\",\"url\":\"https:\/\/sideboattour.com\/private-boat-tour\/tr\/bize-ulasin\/\",\"name\":\"Bize Ula\u015f\u0131n - Side Boat Tour\",\"isPartOf\":{\"@id\":\"https:\/\/sideboattour.com\/private-boat-tour\/tr\/#website\"},\"datePublished\":\"2017-08-08T04:54:16+00:00\",\"dateModified\":\"2024-04-29T10:31:14+00:00\",\"breadcrumb\":{\"@id\":\"https:\/\/sideboattour.com\/private-boat-tour\/tr\/bize-ulasin\/#breadcrumb\"},\"inLanguage\":\"tr\",\"potentialAction\":[{\"@type\":\"ReadAction\",\"target\":[\"https:\/\/sideboattour.com\/private-boat-tour\/tr\/bize-ulasin\/\"]}]},{\"@type\":\"BreadcrumbList\",\"@id\":\"https:\/\/sideboattour.com\/private-boat-tour\/tr\/bize-ulasin\/#breadcrumb\",\"itemListElement\":[{\"@type\":\"ListItem\",\"position\":1,\"name\":\"Home\",\"item\":\"https:\/\/sideboattour.com\/private-boat-tour\/tr\/\"},{\"@type\":\"ListItem\",\"position\":2,\"name\":\"Bize Ula\u015f\u0131n\"}]},{\"@type\":\"WebSite\",\"@id\":\"https:\/\/sideboattour.com\/private-boat-tour\/tr\/#website\",\"url\":\"https:\/\/sideboattour.com\/private-boat-tour\/tr\/\",\"name\":\"Side Boat Tour\",\"description\":\"Private Boat Tours\",\"publisher\":{\"@id\":\"https:\/\/sideboattour.com\/private-boat-tour\/tr\/#organization\"},\"potentialAction\":[{\"@type\":\"SearchAction\",\"target\":{\"@type\":\"EntryPoint\",\"urlTemplate\":\"https:\/\/sideboattour.com\/private-boat-tour\/tr\/?s={search_term_string}\"},\"query-input\":{\"@type\":\"PropertyValueSpecification\",\"valueRequired\":true,\"valueName\":\"search_term_string\"}}],\"inLanguage\":\"tr\"},{\"@type\":\"Organization\",\"@id\":\"https:\/\/sideboattour.com\/private-boat-tour\/tr\/#organization\",\"name\":\"Side Boat Tour\",\"url\":\"https:\/\/sideboattour.com\/private-boat-tour\/tr\/\",\"logo\":{\"@type\":\"ImageObject\",\"inLanguage\":\"tr\",\"@id\":\"https:\/\/sideboattour.com\/private-boat-tour\/tr\/#\/schema\/logo\/image\/\",\"url\":\"https:\/\/sideboattour.com\/private-boat-tour\/wp-content\/uploads\/2017\/08\/side-boat-tour.png\",\"contentUrl\":\"https:\/\/sideboattour.com\/private-boat-tour\/wp-content\/uploads\/2017\/08\/side-boat-tour.png\",\"width\":1080,\"height\":1080,\"caption\":\"Side Boat Tour\"},\"image\":{\"@id\":\"https:\/\/sideboattour.com\/private-boat-tour\/tr\/#\/schema\/logo\/image\/\"}}]}<\/script>\n<!-- \/ Yoast SEO Premium plugin. -->","yoast_head_json":{"title":"Bize Ula\u015f\u0131n - Side Boat Tour","robots":{"index":"index","follow":"follow","max-snippet":"max-snippet:-1","max-image-preview":"max-image-preview:large","max-video-preview":"max-video-preview:-1"},"canonical":"https:\/\/sideboattour.com\/private-boat-tour\/tr\/bize-ulasin\/","og_locale":"tr_TR","og_type":"article","og_title":"Bize Ula\u015f\u0131n","og_description":"[vc_row css=&#8221;.vc_custom_1504083448807{padding-top: 82px !important;padding-bottom: 85px !important;}&#8221;][vc_column][\/vc_column][\/vc_row][vc_row][vc_column][\/vc_column][\/vc_row]","og_url":"https:\/\/sideboattour.com\/private-boat-tour\/tr\/bize-ulasin\/","og_site_name":"Side Boat Tour","article_modified_time":"2024-04-29T10:31:14+00:00","twitter_card":"summary_large_image","twitter_misc":{"Tahmini okuma s\u00fcresi":"1 dakika"},"schema":{"@context":"https:\/\/schema.org","@graph":[{"@type":"WebPage","@id":"https:\/\/sideboattour.com\/private-boat-tour\/tr\/bize-ulasin\/","url":"https:\/\/sideboattour.com\/private-boat-tour\/tr\/bize-ulasin\/","name":"Bize Ula\u015f\u0131n - Side Boat Tour","isPartOf":{"@id":"https:\/\/sideboattour.com\/private-boat-tour\/tr\/#website"},"datePublished":"2017-08-08T04:54:16+00:00","dateModified":"2024-04-29T10:31:14+00:00","breadcrumb":{"@id":"https:\/\/sideboattour.com\/private-boat-tour\/tr\/bize-ulasin\/#breadcrumb"},"inLanguage":"tr","potentialAction":[{"@type":"ReadAction","target":["https:\/\/sideboattour.com\/private-boat-tour\/tr\/bize-ulasin\/"]}]},{"@type":"BreadcrumbList","@id":"https:\/\/sideboattour.com\/private-boat-tour\/tr\/bize-ulasin\/#breadcrumb","itemListElement":[{"@type":"ListItem","position":1,"name":"Home","item":"https:\/\/sideboattour.com\/private-boat-tour\/tr\/"},{"@type":"ListItem","position":2,"name":"Bize Ula\u015f\u0131n"}]},{"@type":"WebSite","@id":"https:\/\/sideboattour.com\/private-boat-tour\/tr\/#website","url":"https:\/\/sideboattour.com\/private-boat-tour\/tr\/","name":"Side Boat Tour","description":"Private Boat Tours","publisher":{"@id":"https:\/\/sideboattour.com\/private-boat-tour\/tr\/#organization"},"potentialAction":[{"@type":"SearchAction","target":{"@type":"EntryPoint","urlTemplate":"https:\/\/sideboattour.com\/private-boat-tour\/tr\/?s={search_term_string}"},"query-input":{"@type":"PropertyValueSpecification","valueRequired":true,"valueName":"search_term_string"}}],"inLanguage":"tr"},{"@type":"Organization","@id":"https:\/\/sideboattour.com\/private-boat-tour\/tr\/#organization","name":"Side Boat Tour","url":"https:\/\/sideboattour.com\/private-boat-tour\/tr\/","logo":{"@type":"ImageObject","inLanguage":"tr","@id":"https:\/\/sideboattour.com\/private-boat-tour\/tr\/#\/schema\/logo\/image\/","url":"https:\/\/sideboattour.com\/private-boat-tour\/wp-content\/uploads\/2017\/08\/side-boat-tour.png","contentUrl":"https:\/\/sideboattour.com\/private-boat-tour\/wp-content\/uploads\/2017\/08\/side-boat-tour.png","width":1080,"height":1080,"caption":"Side Boat Tour"},"image":{"@id":"https:\/\/sideboattour.com\/private-boat-tour\/tr\/#\/schema\/logo\/image\/"}}]}},"_links":{"self":[{"href":"https:\/\/sideboattour.com\/private-boat-tour\/tr\/wp-json\/wp\/v2\/pages\/8571","targetHints":{"allow":["GET"]}}],"collection":[{"href":"https:\/\/sideboattour.com\/private-boat-tour\/tr\/wp-json\/wp\/v2\/pages"}],"about":[{"href":"https:\/\/sideboattour.com\/private-boat-tour\/tr\/wp-json\/wp\/v2\/types\/page"}],"author":[{"embeddable":true,"href":"https:\/\/sideboattour.com\/private-boat-tour\/tr\/wp-json\/wp\/v2\/users\/1"}],"replies":[{"embeddable":true,"href":"https:\/\/sideboattour.com\/private-boat-tour\/tr\/wp-json\/wp\/v2\/comments?post=8571"}],"version-history":[{"count":2,"href":"https:\/\/sideboattour.com\/private-boat-tour\/tr\/wp-json\/wp\/v2\/pages\/8571\/revisions"}],"predecessor-version":[{"id":8573,"href":"https:\/\/sideboattour.com\/private-boat-tour\/tr\/wp-json\/wp\/v2\/pages\/8571\/revisions\/8573"}],"wp:attachment":[{"href":"https:\/\/sideboattour.com\/private-boat-tour\/tr\/wp-json\/wp\/v2\/media?parent=8571"}],"curies":[{"name":"wp","href":"https:\/\/api.w.org\/{rel}","templated":true}]}}