{"id":8990,"date":"2025-09-22T18:17:03","date_gmt":"2025-09-22T15:17:03","guid":{"rendered":"https:\/\/sideboattour.com\/private-boat-tour\/blogs\/"},"modified":"2025-09-25T16:06:21","modified_gmt":"2025-09-25T13:06:21","slug":"blogs","status":"publish","type":"page","link":"https:\/\/sideboattour.com\/private-boat-tour\/de\/blogs\/","title":{"rendered":"Blogs"},"content":{"rendered":"<section class=\"wpb-content-wrapper\"><p>[vc_row][vc_column]<div class=\"mkdf-blog-list-holder mkdf-bl-boxed mkdf-bl-three-columns mkdf-large-space mkdf-bl-pag-no-pagination\"  data-type=boxed data-number-of-posts=99 data-number-of-columns=3 data-space-between-items=large data-order-by=date data-order=DESC data-image-size=medium data-title-tag=h4 data-excerpt-length=40 data-post-info-section=yes data-post-info-image=yes data-post-info-author=yes data-post-info-date=yes data-post-info-category=yes data-post-info-comments=no data-post-info-like=no data-post-info-share=no data-pagination-type=no-pagination data-holder-classes=mkdf-bl-boxed mkdf-bl-three-columns mkdf-large-space mkdf-bl-pag-no-pagination data-max-num-pages=1 data-next-page=2>\n\t<div class=\"mkdf-bl-wrapper mkdf-outer-space\">\n\t\t<ul class=\"mkdf-blog-list\">\n\t\t\t<li class=\"mkdf-bl-item mkdf-item-space clearfix\">\n\t<div class=\"mkdf-bli-inner\">\n\t\t\n\t<div class=\"mkdf-post-image\">\n\t\t\t\t\t<a itemprop=\"url\" href=\"https:\/\/sideboattour.com\/private-boat-tour\/de\/ihr-ultimativer-leitfaden-fuer-side-private-boat-tour-schaffen-sie-sich-den-perfekten-mittelmeer-urlaub\/\" title=\"Ihr ultimativer Leitfaden f\u00fcr Side Private Bootstour: Schaffen Sie sich den perfekten Mittelmeer-Urlaub\">\n\t\t\t\t\t\t\t\t\t<img loading=\"lazy\" decoding=\"async\" width=\"300\" height=\"225\" src=\"https:\/\/sideboattour.com\/private-boat-tour\/wp-content\/uploads\/2025\/08\/Side-Ozel-Tekne-Turu-Icin-Rehber-300x225.jpg\" class=\"attachment-medium size-medium wp-post-image\" alt=\"Side \u00d6zel Tekne Turu \u0130\u00e7in Rehber\" srcset=\"https:\/\/sideboattour.com\/private-boat-tour\/wp-content\/uploads\/2025\/08\/Side-Ozel-Tekne-Turu-Icin-Rehber-300x225.jpg 300w, https:\/\/sideboattour.com\/private-boat-tour\/wp-content\/uploads\/2025\/08\/Side-Ozel-Tekne-Turu-Icin-Rehber-768x576.jpg 768w, https:\/\/sideboattour.com\/private-boat-tour\/wp-content\/uploads\/2025\/08\/Side-Ozel-Tekne-Turu-Icin-Rehber.jpg 1024w\" sizes=\"auto, (max-width: 300px) 100vw, 300px\" \/>\t\t\t\t\t\t\t\t<\/a>\n\t\t\t\t\t<\/div>\n        <div class=\"mkdf-bli-content\">\n                            <div class=\"mkdf-bli-info\">\n\t                <div itemprop=\"dateCreated\" class=\"mkdf-post-info-date entry-date published updated\">\n            <a itemprop=\"url\" href=\"https:\/\/sideboattour.com\/private-boat-tour\/de\/2025\/08\/\">\n            \n            <div class=\"mkdf-post-date-wrap\">\n                07\/08\/2025            <\/div>\n        <\/a>\n        <meta itemprop=\"interactionCount\" content=\"UserComments: 0\"\/>\n<\/div><div class=\"mkdf-post-info-category\">\n    <span aria-hidden=\"true\" class=\"icon_tag\"><\/span><a href=\"https:\/\/sideboattour.com\/private-boat-tour\/de\/category\/private-bootstour\/\" rel=\"category tag\">private bootstour<\/a>, <a href=\"https:\/\/sideboattour.com\/private-boat-tour\/de\/category\/side-bootstour\/\" rel=\"category tag\">side bootstour<\/a><\/div><div class=\"mkdf-post-info-author\">\n    <span class=\"mkdf-post-info-author-text\">\n        By    <\/span>\n    <a itemprop=\"author\" class=\"mkdf-post-info-author-link\" href=\"https:\/\/sideboattour.com\/private-boat-tour\/de\/author\/admin\/\">\n        admin    <\/a>\n<\/div>                <\/div>\n            \t\n\t        \n<h4 itemprop=\"name\" class=\"entry-title mkdf-post-title\" >\n            <a itemprop=\"url\" href=\"https:\/\/sideboattour.com\/private-boat-tour\/de\/ihr-ultimativer-leitfaden-fuer-side-private-boat-tour-schaffen-sie-sich-den-perfekten-mittelmeer-urlaub\/\" title=\"Ihr ultimativer Leitfaden f\u00fcr Side Private Bootstour: Schaffen Sie sich den perfekten Mittelmeer-Urlaub\">\n            Ihr ultimativer Leitfaden f\u00fcr Side Private Bootstour: Schaffen Sie sich den perfekten Mittelmeer-Urlaub            <\/a>\n    <\/h4>\t\n\t        <div class=\"mkdf-bli-excerpt\">\n\t\t        \t\t<div class=\"mkdf-post-excerpt-holder\">\n\t\t\t<p itemprop=\"description\" class=\"mkdf-post-excerpt\">\n\t\t\t\tDie Wahl des richtigen Partners f\u00fcr Ihre private Bootstour in Side ist der letzte und wichtigste Schritt bei der Vorbereitung Ihres perfekten Tages. Es geht darum, einen Service zu finden, der Ihnen nicht nur ein sch\u00f6nes Boot zur Verf\u00fcgung stellt,\t\t\t<\/p>\n\t\t<\/div>\n\t\t\t        \t<div class=\"mkdf-post-read-more-button\">\n\t\t<a itemprop=\"url\" href=\"https:\/\/sideboattour.com\/private-boat-tour\/de\/ihr-ultimativer-leitfaden-fuer-side-private-boat-tour-schaffen-sie-sich-den-perfekten-mittelmeer-urlaub\/\" target=\"_self\"  class=\"mkdf-btn mkdf-btn-medium mkdf-btn-simple mkdf-blog-list-button\"  >    <span class=\"mkdf-btn-text\">READ MORE<\/span>    <\/a>\t<\/div>\n\t        <\/div>\n        <\/div>\n\t<\/div>\n<\/li><li class=\"mkdf-bl-item mkdf-item-space clearfix\">\n\t<div class=\"mkdf-bli-inner\">\n\t\t\n\t<div class=\"mkdf-post-image\">\n\t\t\t\t\t<a itemprop=\"url\" href=\"https:\/\/sideboattour.com\/private-boat-tour\/de\/side-private-bootstour-ihre-exklusive-flucht-auf-dem-wasser\/\" title=\"Side Private Bootstour: Ihre exklusive Flucht auf dem Wasser\">\n\t\t\t\t\t\t\t\t\t<img loading=\"lazy\" decoding=\"async\" width=\"300\" height=\"225\" src=\"https:\/\/sideboattour.com\/private-boat-tour\/wp-content\/uploads\/2025\/06\/Side-Private-Bootstour-300x225.jpg\" class=\"attachment-medium size-medium wp-post-image\" alt=\"Side Private Bootstour\" srcset=\"https:\/\/sideboattour.com\/private-boat-tour\/wp-content\/uploads\/2025\/06\/Side-Private-Bootstour-300x225.jpg 300w, https:\/\/sideboattour.com\/private-boat-tour\/wp-content\/uploads\/2025\/06\/Side-Private-Bootstour-1024x768.jpg 1024w, https:\/\/sideboattour.com\/private-boat-tour\/wp-content\/uploads\/2025\/06\/Side-Private-Bootstour-768x576.jpg 768w, https:\/\/sideboattour.com\/private-boat-tour\/wp-content\/uploads\/2025\/06\/Side-Private-Bootstour.jpg 1080w\" sizes=\"auto, (max-width: 300px) 100vw, 300px\" \/>\t\t\t\t\t\t\t\t<\/a>\n\t\t\t\t\t<\/div>\n        <div class=\"mkdf-bli-content\">\n                            <div class=\"mkdf-bli-info\">\n\t                <div itemprop=\"dateCreated\" class=\"mkdf-post-info-date entry-date published updated\">\n            <a itemprop=\"url\" href=\"https:\/\/sideboattour.com\/private-boat-tour\/de\/2025\/06\/\">\n            \n            <div class=\"mkdf-post-date-wrap\">\n                23\/06\/2025            <\/div>\n        <\/a>\n        <meta itemprop=\"interactionCount\" content=\"UserComments: 0\"\/>\n<\/div><div class=\"mkdf-post-info-category\">\n    <span aria-hidden=\"true\" class=\"icon_tag\"><\/span><a href=\"https:\/\/sideboattour.com\/private-boat-tour\/de\/category\/private-bootstour\/\" rel=\"category tag\">private bootstour<\/a>, <a href=\"https:\/\/sideboattour.com\/private-boat-tour\/de\/category\/side-bootstour\/\" rel=\"category tag\">side bootstour<\/a>, <a href=\"https:\/\/sideboattour.com\/private-boat-tour\/de\/category\/travel-de\/\" rel=\"category tag\">Travel<\/a><\/div><div class=\"mkdf-post-info-author\">\n    <span class=\"mkdf-post-info-author-text\">\n        By    <\/span>\n    <a itemprop=\"author\" class=\"mkdf-post-info-author-link\" href=\"https:\/\/sideboattour.com\/private-boat-tour\/de\/author\/admin\/\">\n        admin    <\/a>\n<\/div>                <\/div>\n            \t\n\t        \n<h4 itemprop=\"name\" class=\"entry-title mkdf-post-title\" >\n            <a itemprop=\"url\" href=\"https:\/\/sideboattour.com\/private-boat-tour\/de\/side-private-bootstour-ihre-exklusive-flucht-auf-dem-wasser\/\" title=\"Side Private Bootstour: Ihre exklusive Flucht auf dem Wasser\">\n            Side Private Bootstour: Ihre exklusive Flucht auf dem Wasser            <\/a>\n    <\/h4>\t\n\t        <div class=\"mkdf-bli-excerpt\">\n\t\t        \t\t<div class=\"mkdf-post-excerpt-holder\">\n\t\t\t<p itemprop=\"description\" class=\"mkdf-post-excerpt\">\n\t\t\t\tLorem ipsum dolor sit amet, consectetur adipiscing elit. Cras sollicitudin, tellus vitae condimentum egestas, libero dolor auctor tellus, eu consectetur neque elit quis nunc. Cras elementum pretium est. Nullam ac justo efficitur, tristique ligula a, pellentesque ipsum. Quisque augue ipsum,\t\t\t<\/p>\n\t\t<\/div>\n\t\t\t        \t<div class=\"mkdf-post-read-more-button\">\n\t\t<a itemprop=\"url\" href=\"https:\/\/sideboattour.com\/private-boat-tour\/de\/side-private-bootstour-ihre-exklusive-flucht-auf-dem-wasser\/\" target=\"_self\"  class=\"mkdf-btn mkdf-btn-medium mkdf-btn-simple mkdf-blog-list-button\"  >    <span class=\"mkdf-btn-text\">READ MORE<\/span>    <\/a>\t<\/div>\n\t        <\/div>\n        <\/div>\n\t<\/div>\n<\/li><li class=\"mkdf-bl-item mkdf-item-space clearfix\">\n\t<div class=\"mkdf-bli-inner\">\n\t\t\n\t<div class=\"mkdf-post-image\">\n\t\t\t\t\t<a itemprop=\"url\" href=\"https:\/\/sideboattour.com\/private-boat-tour\/de\/die-wichtigsten-gruende-fuer-die-buchung-privaten-bootstouren-in-side\/\" title=\"Die wichtigsten Gr\u00fcnde f\u00fcr die Buchung private Bootstouren in Side\">\n\t\t\t\t\t\t\t\t\t<img loading=\"lazy\" decoding=\"async\" width=\"300\" height=\"199\" src=\"https:\/\/sideboattour.com\/private-boat-tour\/wp-content\/uploads\/2025\/06\/Einfuhrung-in-private-Bootstouren-in-Side-300x199.jpg\" class=\"attachment-medium size-medium wp-post-image\" alt=\"Einf\u00fchrung in private Bootstouren in Side\" srcset=\"https:\/\/sideboattour.com\/private-boat-tour\/wp-content\/uploads\/2025\/06\/Einfuhrung-in-private-Bootstouren-in-Side-300x199.jpg 300w, https:\/\/sideboattour.com\/private-boat-tour\/wp-content\/uploads\/2025\/06\/Einfuhrung-in-private-Bootstouren-in-Side-1024x680.jpg 1024w, https:\/\/sideboattour.com\/private-boat-tour\/wp-content\/uploads\/2025\/06\/Einfuhrung-in-private-Bootstouren-in-Side-768x510.jpg 768w, https:\/\/sideboattour.com\/private-boat-tour\/wp-content\/uploads\/2025\/06\/Einfuhrung-in-private-Bootstouren-in-Side-1536x1020.jpg 1536w, https:\/\/sideboattour.com\/private-boat-tour\/wp-content\/uploads\/2025\/06\/Einfuhrung-in-private-Bootstouren-in-Side.jpg 1600w\" sizes=\"auto, (max-width: 300px) 100vw, 300px\" \/>\t\t\t\t\t\t\t\t<\/a>\n\t\t\t\t\t<\/div>\n        <div class=\"mkdf-bli-content\">\n                            <div class=\"mkdf-bli-info\">\n\t                <div itemprop=\"dateCreated\" class=\"mkdf-post-info-date entry-date published updated\">\n            <a itemprop=\"url\" href=\"https:\/\/sideboattour.com\/private-boat-tour\/de\/2025\/06\/\">\n            \n            <div class=\"mkdf-post-date-wrap\">\n                23\/06\/2025            <\/div>\n        <\/a>\n        <meta itemprop=\"interactionCount\" content=\"UserComments: 0\"\/>\n<\/div><div class=\"mkdf-post-info-category\">\n    <span aria-hidden=\"true\" class=\"icon_tag\"><\/span><a href=\"https:\/\/sideboattour.com\/private-boat-tour\/de\/category\/private-bootstour\/\" rel=\"category tag\">private bootstour<\/a>, <a href=\"https:\/\/sideboattour.com\/private-boat-tour\/de\/category\/side-bootstour\/\" rel=\"category tag\">side bootstour<\/a>, <a href=\"https:\/\/sideboattour.com\/private-boat-tour\/de\/category\/travel-de\/\" rel=\"category tag\">Travel<\/a><\/div><div class=\"mkdf-post-info-author\">\n    <span class=\"mkdf-post-info-author-text\">\n        By    <\/span>\n    <a itemprop=\"author\" class=\"mkdf-post-info-author-link\" href=\"https:\/\/sideboattour.com\/private-boat-tour\/de\/author\/admin\/\">\n        admin    <\/a>\n<\/div>                <\/div>\n            \t\n\t        \n<h4 itemprop=\"name\" class=\"entry-title mkdf-post-title\" >\n            <a itemprop=\"url\" href=\"https:\/\/sideboattour.com\/private-boat-tour\/de\/die-wichtigsten-gruende-fuer-die-buchung-privaten-bootstouren-in-side\/\" title=\"Die wichtigsten Gr\u00fcnde f\u00fcr die Buchung private Bootstouren in Side\">\n            Die wichtigsten Gr\u00fcnde f\u00fcr die Buchung private Bootstouren in Side            <\/a>\n    <\/h4>\t\n\t        <div class=\"mkdf-bli-excerpt\">\n\t\t        \t\t<div class=\"mkdf-post-excerpt-holder\">\n\t\t\t<p itemprop=\"description\" class=\"mkdf-post-excerpt\">\n\t\t\t\tLorem ipsum dolor sit amet, consectetur adipiscing elit. Cras sollicitudin, tellus vitae condimentum egestas, libero dolor auctor tellus, eu consectetur neque elit quis nunc. Cras elementum pretium est. Nullam ac justo efficitur, tristique ligula a, pellentesque ipsum. Quisque augue ipsum,\t\t\t<\/p>\n\t\t<\/div>\n\t\t\t        \t<div class=\"mkdf-post-read-more-button\">\n\t\t<a itemprop=\"url\" href=\"https:\/\/sideboattour.com\/private-boat-tour\/de\/die-wichtigsten-gruende-fuer-die-buchung-privaten-bootstouren-in-side\/\" target=\"_self\"  class=\"mkdf-btn mkdf-btn-medium mkdf-btn-simple mkdf-blog-list-button\"  >    <span class=\"mkdf-btn-text\">READ MORE<\/span>    <\/a>\t<\/div>\n\t        <\/div>\n        <\/div>\n\t<\/div>\n<\/li>\t\t<\/ul>\n\t<\/div>\n\t<\/div>[\/vc_column][\/vc_row]<\/p>\n<\/section>","protected":false},"excerpt":{"rendered":"<p>[vc_row][vc_column][\/vc_column][\/vc_row]<\/p>\n","protected":false},"author":1,"featured_media":0,"parent":0,"menu_order":0,"comment_status":"closed","ping_status":"closed","template":"blog-masonry","meta":{"footnotes":""},"class_list":["post-8990","page","type-page","status-publish","hentry"],"yoast_head":"<!-- This site is optimized with the Yoast SEO Premium plugin v24.7 (Yoast SEO v26.2) - https:\/\/yoast.com\/wordpress\/plugins\/seo\/ -->\n<title>Blogs - Side Boat Tour<\/title>\n<meta name=\"robots\" content=\"index, follow, max-snippet:-1, max-image-preview:large, max-video-preview:-1\" \/>\n<link rel=\"canonical\" href=\"https:\/\/sideboattour.com\/private-boat-tour\/de\/blogs\/\" \/>\n<meta property=\"og:locale\" content=\"de_DE\" \/>\n<meta property=\"og:type\" content=\"article\" \/>\n<meta property=\"og:title\" content=\"Blogs\" \/>\n<meta property=\"og:description\" content=\"[vc_row][vc_column][\/vc_column][\/vc_row]\" \/>\n<meta property=\"og:url\" content=\"https:\/\/sideboattour.com\/private-boat-tour\/de\/blogs\/\" \/>\n<meta property=\"og:site_name\" content=\"Side Boat Tour\" \/>\n<meta property=\"article:modified_time\" content=\"2025-09-25T13:06:21+00:00\" \/>\n<meta name=\"twitter:card\" content=\"summary_large_image\" \/>\n<script type=\"application\/ld+json\" class=\"yoast-schema-graph\">{\"@context\":\"https:\/\/schema.org\",\"@graph\":[{\"@type\":\"WebPage\",\"@id\":\"https:\/\/sideboattour.com\/private-boat-tour\/de\/blogs\/\",\"url\":\"https:\/\/sideboattour.com\/private-boat-tour\/de\/blogs\/\",\"name\":\"Blogs - Side Boat Tour\",\"isPartOf\":{\"@id\":\"https:\/\/sideboattour.com\/private-boat-tour\/de\/#website\"},\"datePublished\":\"2025-09-22T15:17:03+00:00\",\"dateModified\":\"2025-09-25T13:06:21+00:00\",\"breadcrumb\":{\"@id\":\"https:\/\/sideboattour.com\/private-boat-tour\/de\/blogs\/#breadcrumb\"},\"inLanguage\":\"de\",\"potentialAction\":[{\"@type\":\"ReadAction\",\"target\":[\"https:\/\/sideboattour.com\/private-boat-tour\/de\/blogs\/\"]}]},{\"@type\":\"BreadcrumbList\",\"@id\":\"https:\/\/sideboattour.com\/private-boat-tour\/de\/blogs\/#breadcrumb\",\"itemListElement\":[{\"@type\":\"ListItem\",\"position\":1,\"name\":\"Home\",\"item\":\"https:\/\/sideboattour.com\/private-boat-tour\/de\/\"},{\"@type\":\"ListItem\",\"position\":2,\"name\":\"Blogs\"}]},{\"@type\":\"WebSite\",\"@id\":\"https:\/\/sideboattour.com\/private-boat-tour\/de\/#website\",\"url\":\"https:\/\/sideboattour.com\/private-boat-tour\/de\/\",\"name\":\"Side Boat Tour\",\"description\":\"Private Boat Tours\",\"publisher\":{\"@id\":\"https:\/\/sideboattour.com\/private-boat-tour\/de\/#organization\"},\"potentialAction\":[{\"@type\":\"SearchAction\",\"target\":{\"@type\":\"EntryPoint\",\"urlTemplate\":\"https:\/\/sideboattour.com\/private-boat-tour\/de\/?s={search_term_string}\"},\"query-input\":{\"@type\":\"PropertyValueSpecification\",\"valueRequired\":true,\"valueName\":\"search_term_string\"}}],\"inLanguage\":\"de\"},{\"@type\":\"Organization\",\"@id\":\"https:\/\/sideboattour.com\/private-boat-tour\/de\/#organization\",\"name\":\"Side Boat Tour\",\"url\":\"https:\/\/sideboattour.com\/private-boat-tour\/de\/\",\"logo\":{\"@type\":\"ImageObject\",\"inLanguage\":\"de\",\"@id\":\"https:\/\/sideboattour.com\/private-boat-tour\/de\/#\/schema\/logo\/image\/\",\"url\":\"https:\/\/sideboattour.com\/private-boat-tour\/wp-content\/uploads\/2017\/08\/side-boat-tour.png\",\"contentUrl\":\"https:\/\/sideboattour.com\/private-boat-tour\/wp-content\/uploads\/2017\/08\/side-boat-tour.png\",\"width\":1080,\"height\":1080,\"caption\":\"Side Boat Tour\"},\"image\":{\"@id\":\"https:\/\/sideboattour.com\/private-boat-tour\/de\/#\/schema\/logo\/image\/\"}}]}<\/script>\n<!-- \/ Yoast SEO Premium plugin. -->","yoast_head_json":{"title":"Blogs - Side Boat Tour","robots":{"index":"index","follow":"follow","max-snippet":"max-snippet:-1","max-image-preview":"max-image-preview:large","max-video-preview":"max-video-preview:-1"},"canonical":"https:\/\/sideboattour.com\/private-boat-tour\/de\/blogs\/","og_locale":"de_DE","og_type":"article","og_title":"Blogs","og_description":"[vc_row][vc_column][\/vc_column][\/vc_row]","og_url":"https:\/\/sideboattour.com\/private-boat-tour\/de\/blogs\/","og_site_name":"Side Boat Tour","article_modified_time":"2025-09-25T13:06:21+00:00","twitter_card":"summary_large_image","schema":{"@context":"https:\/\/schema.org","@graph":[{"@type":"WebPage","@id":"https:\/\/sideboattour.com\/private-boat-tour\/de\/blogs\/","url":"https:\/\/sideboattour.com\/private-boat-tour\/de\/blogs\/","name":"Blogs - Side Boat Tour","isPartOf":{"@id":"https:\/\/sideboattour.com\/private-boat-tour\/de\/#website"},"datePublished":"2025-09-22T15:17:03+00:00","dateModified":"2025-09-25T13:06:21+00:00","breadcrumb":{"@id":"https:\/\/sideboattour.com\/private-boat-tour\/de\/blogs\/#breadcrumb"},"inLanguage":"de","potentialAction":[{"@type":"ReadAction","target":["https:\/\/sideboattour.com\/private-boat-tour\/de\/blogs\/"]}]},{"@type":"BreadcrumbList","@id":"https:\/\/sideboattour.com\/private-boat-tour\/de\/blogs\/#breadcrumb","itemListElement":[{"@type":"ListItem","position":1,"name":"Home","item":"https:\/\/sideboattour.com\/private-boat-tour\/de\/"},{"@type":"ListItem","position":2,"name":"Blogs"}]},{"@type":"WebSite","@id":"https:\/\/sideboattour.com\/private-boat-tour\/de\/#website","url":"https:\/\/sideboattour.com\/private-boat-tour\/de\/","name":"Side Boat Tour","description":"Private Boat Tours","publisher":{"@id":"https:\/\/sideboattour.com\/private-boat-tour\/de\/#organization"},"potentialAction":[{"@type":"SearchAction","target":{"@type":"EntryPoint","urlTemplate":"https:\/\/sideboattour.com\/private-boat-tour\/de\/?s={search_term_string}"},"query-input":{"@type":"PropertyValueSpecification","valueRequired":true,"valueName":"search_term_string"}}],"inLanguage":"de"},{"@type":"Organization","@id":"https:\/\/sideboattour.com\/private-boat-tour\/de\/#organization","name":"Side Boat Tour","url":"https:\/\/sideboattour.com\/private-boat-tour\/de\/","logo":{"@type":"ImageObject","inLanguage":"de","@id":"https:\/\/sideboattour.com\/private-boat-tour\/de\/#\/schema\/logo\/image\/","url":"https:\/\/sideboattour.com\/private-boat-tour\/wp-content\/uploads\/2017\/08\/side-boat-tour.png","contentUrl":"https:\/\/sideboattour.com\/private-boat-tour\/wp-content\/uploads\/2017\/08\/side-boat-tour.png","width":1080,"height":1080,"caption":"Side Boat Tour"},"image":{"@id":"https:\/\/sideboattour.com\/private-boat-tour\/de\/#\/schema\/logo\/image\/"}}]}},"_links":{"self":[{"href":"https:\/\/sideboattour.com\/private-boat-tour\/de\/wp-json\/wp\/v2\/pages\/8990","targetHints":{"allow":["GET"]}}],"collection":[{"href":"https:\/\/sideboattour.com\/private-boat-tour\/de\/wp-json\/wp\/v2\/pages"}],"about":[{"href":"https:\/\/sideboattour.com\/private-boat-tour\/de\/wp-json\/wp\/v2\/types\/page"}],"author":[{"embeddable":true,"href":"https:\/\/sideboattour.com\/private-boat-tour\/de\/wp-json\/wp\/v2\/users\/1"}],"replies":[{"embeddable":true,"href":"https:\/\/sideboattour.com\/private-boat-tour\/de\/wp-json\/wp\/v2\/comments?post=8990"}],"version-history":[{"count":1,"href":"https:\/\/sideboattour.com\/private-boat-tour\/de\/wp-json\/wp\/v2\/pages\/8990\/revisions"}],"predecessor-version":[{"id":8991,"href":"https:\/\/sideboattour.com\/private-boat-tour\/de\/wp-json\/wp\/v2\/pages\/8990\/revisions\/8991"}],"wp:attachment":[{"href":"https:\/\/sideboattour.com\/private-boat-tour\/de\/wp-json\/wp\/v2\/media?parent=8990"}],"curies":[{"name":"wp","href":"https:\/\/api.w.org\/{rel}","templated":true}]}}