{"id":8622,"date":"2017-08-07T13:02:07","date_gmt":"2017-08-07T10:02:07","guid":{"rendered":"https:\/\/sideboattour.com\/private-boat-tour\/ueber-uns\/"},"modified":"2025-04-08T21:00:34","modified_gmt":"2025-04-08T18:00:34","slug":"ueber-uns-side-bootstouren","status":"publish","type":"page","link":"https:\/\/sideboattour.com\/private-boat-tour\/de\/ueber-uns-side-bootstouren\/","title":{"rendered":"\u00dcber uns"},"content":{"rendered":"<section class=\"wpb-content-wrapper\"><p>[vc_row row_content_width=&#8220;grid&#8220; content_text_aligment=&#8220;center&#8220; css=&#8220;.vc_custom_1505813137909{padding-top: 127px !important;padding-bottom: 67px !important;}&#8220; simple_background_color=&#8220;#ff681a&#8220;][vc_column width=&#8220;1\/2&#8243; offset=&#8220;vc_col-md-3&#8243;]<div class=\"mkdf-iwt clearfix  mkdf-iwt-icon-top mkdf-iwt-icon-medium\">\n\t<div class=\"mkdf-iwt-icon\">\n\t\t\t\t\t\t\t\t\t    <span class=\"mkdf-icon-shortcode mkdf-circle   mkdf-icon-medium\" style=\"width: 100px;height: 100px;line-height: 100px;background-color: #ffffff\" data-color=\"#ff681a\">\n                    <span aria-hidden=\"true\" class=\"mkdf-icon-linear-icons lnr lnr-diamond mkdf-icon-element\" style=\"color: #ff681a;font-size:34px\" ><\/span>\n                            <span class=\"mkdf-icon-shortcode-hover-layer\" ><\/span>\n            \n            <\/span>\n\t\t\t\t\t\t<\/div>\n\t<div class=\"mkdf-iwt-content\" >\n\t\t\t\t\t<h6 class=\"mkdf-iwt-title\" style=\"color: #ffffff\">\n\t\t\t\t\t\t\t\t<span class=\"mkdf-iwt-title-text\">Entdecken Sie verborgene Sch\u00e4tze<\/span>\n\t\t\t\t\t\t\t<\/h6>\n\t\t\t\t\t<\/div>\n<\/div>[vc_empty_space height=&#8220;54px&#8220;][\/vc_column][vc_column width=&#8220;1\/2&#8243; offset=&#8220;vc_col-md-3&#8243;]<div class=\"mkdf-iwt clearfix  mkdf-iwt-icon-top mkdf-iwt-icon-medium\">\n\t<div class=\"mkdf-iwt-icon\">\n\t\t\t\t\t\t\t\t\t    <span class=\"mkdf-icon-shortcode mkdf-circle   mkdf-icon-medium\" style=\"width: 100px;height: 100px;line-height: 100px;background-color: #ffffff\" data-color=\"#ff681a\">\n                    <span aria-hidden=\"true\" class=\"mkdf-icon-linear-icons lnr lnr-magic-wand mkdf-icon-element\" style=\"color: #ff681a;font-size:34px\" ><\/span>\n                            <span class=\"mkdf-icon-shortcode-hover-layer\" ><\/span>\n            \n            <\/span>\n\t\t\t\t\t\t<\/div>\n\t<div class=\"mkdf-iwt-content\" >\n\t\t\t\t\t<h6 class=\"mkdf-iwt-title\" style=\"color: #ffffff\">\n\t\t\t\t\t\t\t\t<span class=\"mkdf-iwt-title-text\">Tailor Made<\/span>\n\t\t\t\t\t\t\t<\/h6>\n\t\t\t\t\t<\/div>\n<\/div>[vc_empty_space height=&#8220;54px&#8220;][\/vc_column][vc_column width=&#8220;1\/2&#8243; offset=&#8220;vc_col-md-3&#8243;]<div class=\"mkdf-iwt clearfix  mkdf-iwt-icon-top mkdf-iwt-icon-medium\">\n\t<div class=\"mkdf-iwt-icon\">\n\t\t\t\t\t\t\t\t\t    <span class=\"mkdf-icon-shortcode mkdf-circle   mkdf-icon-medium\" style=\"width: 100px;height: 100px;line-height: 100px;background-color: #ffffff\" data-color=\"#ff681a\">\n                    <span aria-hidden=\"true\" class=\"mkdf-icon-linear-icons lnr lnr-star mkdf-icon-element\" style=\"color: #ff681a;font-size:34px\" ><\/span>\n                            <span class=\"mkdf-icon-shortcode-hover-layer\" ><\/span>\n            \n            <\/span>\n\t\t\t\t\t\t<\/div>\n\t<div class=\"mkdf-iwt-content\" >\n\t\t\t\t\t<h6 class=\"mkdf-iwt-title\" style=\"color: #ffffff\">\n\t\t\t\t\t\t\t\t<span class=\"mkdf-iwt-title-text\">Fesselnde Momente<\/span>\n\t\t\t\t\t\t\t<\/h6>\n\t\t\t\t\t<\/div>\n<\/div>[vc_empty_space height=&#8220;54px&#8220;][\/vc_column][vc_column width=&#8220;1\/2&#8243; offset=&#8220;vc_col-md-3&#8243;]<div class=\"mkdf-iwt clearfix  mkdf-iwt-icon-top mkdf-iwt-icon-medium\">\n\t<div class=\"mkdf-iwt-icon\">\n\t\t\t\t\t\t\t\t\t    <span class=\"mkdf-icon-shortcode mkdf-circle   mkdf-icon-medium\" style=\"width: 100px;height: 100px;line-height: 100px;background-color: #ffffff\" data-color=\"#ff681a\">\n                    <span aria-hidden=\"true\" class=\"mkdf-icon-linear-icons lnr lnr-bookmark mkdf-icon-element\" style=\"color: #ff681a;font-size:34px\" ><\/span>\n                            <span class=\"mkdf-icon-shortcode-hover-layer\" ><\/span>\n            \n            <\/span>\n\t\t\t\t\t\t<\/div>\n\t<div class=\"mkdf-iwt-content\" >\n\t\t\t\t\t<h6 class=\"mkdf-iwt-title\" style=\"color: #ffffff\">\n\t\t\t\t\t\t\t\t<span class=\"mkdf-iwt-title-text\">Unvergesslicher Kurzurlaub<\/span>\n\t\t\t\t\t\t\t<\/h6>\n\t\t\t\t\t<\/div>\n<\/div>[vc_empty_space height=&#8220;54px&#8220;][\/vc_column][\/vc_row][vc_row css=&#8220;.vc_custom_1501849194775{padding-top: 70px !important;padding-bottom: 115px !important;background-color: #f8f8f8 !important;}&#8220;][vc_column][vc_row_inner row_content_width=&#8220;grid&#8220;][vc_column_inner]<div class=\"mkdf-elements-holder   mkdf-one-column  mkdf-responsive-mode-768 \" ><div class=\"mkdf-eh-item   mkdf-horizontal-alignment-center \"  data-item-class=\"mkdf-eh-custom-3586\" data-768-1024=\"0 7% 0 7%\" data-680-768=\"0 8% 0 8%\" data-680=\"0 0% 0 0%\">\n\t<div class=\"mkdf-eh-item-inner\">\n\t\t<div class=\"mkdf-eh-item-content mkdf-eh-custom-3586\" style=\"padding: 0 15% 0 15%\">\n\t\t\t<div class=\"mkdf-section-title-holder  \" style=\"text-align: center\">\n\t<div class=\"mkdf-st-inner\">\n\t\t\t\t\t<h5 class=\"mkdf-st-subtitle\" >\n\t\t\t\tSide Bootstouren\t\t\t<\/h5>\n\t\t\t\t\t\t\t<h3 class=\"mkdf-st-title\" >\n\t\t\t\tDie beliebtesten Bootstouren in Side\t\t\t<\/h3>\n\t\t\t\t\t\t\t<p class=\"mkdf-st-text\" >\n\t\t\t\tSide Boat Tour - Side Bootstouren - ist ein Familienunternehmen, das Sie mit ihrem erfahrenen Team bedient. Unsere Priorit\u00e4t ist es, sicherzustellen, dass Sie, unsere gesch\u00e4tzten G\u00e4ste, eine wunderbare und angenehme sowie unvergessliche Zeit in einer sicheren, friedlichen, komfortablen und hygienischen Umgebung f\u00fcr die private Side Boat Tour, die Sie planen, verbringen.\nUnser Standort befindet sich am alten Antik Hafen von Side. Wir haben kosteng\u00fcnstige Side Boat-Touren f\u00fcr jedes Budget und Boote, die f\u00fcr alle Arten von Organisationen geeignet sind. Wir haben verschiedene Arten von Booten Von 10 Meter bis 20 Meter, im Mittelmeerraum, mit denen sie Boat-Touren machen k\u00f6nnenWir erwarten Sie mit unserem freundlichen Team und k\u00f6stlichen Mahlzeiten, wo Sie eine angenehme Tour mit Ihrer Familie und Freunden haben k\u00f6nnen. Das Schwimmen im tiefen Blau des Mittelmeers und das Sonnenbaden in der brennenden Sonne wird f\u00fcr Sie ein unbeschreibliches Erlebnis sein. Beim Schwimmen im klaren Wasser des Mittelmeers k\u00f6nnen Sie auch viele Fischarten beobachten. Unser Gesch\u00e4ftsprinzip ist es, Ihnen eine sichere, hygienische und unterhaltsame Bootsfahrt zu bieten und gleichzeitig mit unseren k\u00f6stlichen Mahlzeiten und angenehmen Getr\u00e4nken zu einem sehr angenehmen Urlaubserlebnis beizutragen.\nDie Zufriedenheit unserer G\u00e4ste steht f\u00fcr uns immer an erster Stelle. Die positiven Kommentare, die wir von unseren G\u00e4sten erhalten, die an unseren privaten Bootstouren in Side Manavgat teilnehmen, zeigen, dass wir unsere Arbeit richtig machen. Wir sind aber auch offen f\u00fcr Kritik in dieser Richtung. Alle Arten von Kommentaren, die Sie uns mitteilen, werden sorgf\u00e4ltig gepr\u00fcft und im Detail ausgewertet, um unsere Servicequalit\u00e4t zu verbessern. Machen Sie sich keine Gedanken \u00fcber die Sicherheit. Unsere Boote werden regelm\u00e4\u00dfig in Werften von Fachleuten gewartet, und das Seetauglichkeitszeugnis und das Visum werden von der Hafenbeh\u00f6rde nach eingehenden Kontrollen und \u00dcberpr\u00fcfungen sowohl der Mechanik als auch der Ausr\u00fcstung erteilt. Sowohl unsere Boote als auch unsere Passagiere sind versichert.\nWir sind auch auf die Sicherheit von Leben und Eigentum bedacht. Unsere Boote sind standardm\u00e4\u00dfig mit Rettungsbojen, Schwimmwesten, Feuerl\u00f6schern und Ersatzma\u00dfnahmen ausgestattet. Zus\u00e4tzliche Schwimmwesten und Schwimmhilfen sind f\u00fcr Ihren pers\u00f6nlichen Gebrauch erh\u00e4ltlich. F\u00fcr Ihre Bequemlichkeit und Ihren Komfort auf unseren Booten haben wir kein Detail ausgelassen: Unsere Kabinen sind in unterschiedlicher Anzahl, je nach Gr\u00f6\u00dfe des Bootes, f\u00fcr Sie vorbereitet. Wir haben eine gro\u00dfe Auswahl an Getr\u00e4nken und K\u00fchlboxen f\u00fcr Sie, damit Sie Ihre Getr\u00e4nke kalt trinken k\u00f6nnen. Unsere Mahlzeiten auf dem Boot werden von uns in unserer K\u00fcche mit den hochwertigsten Zutaten zubereitet und gleich hei\u00df serviert. Unser Unternehmen bietet Dienstleistungen mit jahrelanger Erfahrung auf dem Meer und der Seefahrt, starke menschliche Beziehungen und v\u00f6llig auf unsere G\u00e4ste konzentriert eine angenehme und Qualit\u00e4t Zeit.\nSide Private Boat Tours Sie k\u00f6nnen uns \u00fcber unsere Kommunikationskan\u00e4le kontaktieren, um genauere Informationen \u00fcber die Fragen zu erhalten, die Ihnen auf der Seele brennen, und um Antworten auf Ihre Fragen zu erhalten. Da wir ein Familienunternehmen sind, schaffen wir eine warme und freundliche Umgebung, fernab von der K\u00e4lte des Institutionalismus. Unser drahtloses Breitband-Internet, das Sie auf unseren Booten nutzen k\u00f6nnen, steht Ihnen ebenfalls kostenlos zur Verf\u00fcgung. Je nach Gr\u00f6\u00dfe des Bootes gibt es auch eine Musikanlage und einen Fernseher, damit Sie sich w\u00e4hrend der Tour am\u00fcsieren und tanzen k\u00f6nnen, wenn Sie m\u00f6chten. Um uns herum gibt es Caretta Caretta Schildkr\u00f6ten, die nat\u00fcrliche Lebens- und Brutgebiete sind. Diese Meeresschildkr\u00f6ten legen ihre Eier an den 10 km langen Str\u00e4nden unserer Region Side ab und neue Babyschildkr\u00f6ten \u00f6ffnen hier ihre Augen f\u00fcr die Welt.\nNachdem sie das Meer erreicht haben, wachsen sie heran und kehren zu den Str\u00e4nden zur\u00fcck, an denen sie geboren wurden, um erneut Eier zu legen, und dieser Prozess dauert viele Jahre lang an. Nach der Eiablage ern\u00e4hren sich die Goldmakrelen 3-4 Monate lang in einem nahe gelegenen felsigen und grasbewachsenen Gebiet, und nachdem sie genug ges\u00e4ttigt und gest\u00e4rkt sind, setzen sie ihr Leben und ihre Abenteuer in den offenen Gew\u00e4ssern des Mittelmeers bis zur n\u00e4chsten Laichzeit fort.\nAuch in unserer Region gibt es niedliche Delphinfische. Delfine leben und fressen nicht an einem festen Ort wie Schildkr\u00f6ten. Delfine ern\u00e4hren sich von Fischen wie Sardinen, Thunfisch-Brut usw., die ihre Zielnahrung sind. Aus diesem Grund sind sie st\u00e4ndig auf der Jagd nach ihrer Beute, und w\u00e4hrend dieser Jagd begegnen sie uns gelegentlich auf unserer Route und gr\u00fc\u00dfen uns. Aus diesem Grund sind Delphine, die zu den Beutefischen geh\u00f6ren, in unserer Region h\u00e4ufig anzutreffen und wir haben eine hohe Chance, diese freundlichen und lustigen Delphine w\u00e4hrend der Bootsfahrt zu sehen.\nUnser Unternehmen kann Ihnen alle Arten von Booten zur Verf\u00fcgung stellen, wie z. B. klassische Holzboote, Faserboote oder Motoryachten, je nach der von Ihnen bevorzugten Tour und nach Ihren anderen W\u00fcnschen. Nachdem Sie sich unsere Touren angesehen haben, um Ihren Urlaub noch angenehmer zu gestalten, k\u00f6nnen Sie sich mit uns in Kontakt setzen, um einen Preis zu erhalten und schnell eine private Bootstour f\u00fcr das gew\u00fcnschte Datum zu buchen. Unser Team wird Ihnen dabei gerne behilflich sein. Wenn Sie es w\u00fcnschen, kann der Transfer vom Hotel zum Boot und vom Boot zum Hotel in beide Richtungen mit unseren eigenen Privatfahrzeugen durchgef\u00fchrt werden. W\u00e4hrend des Verkaufs erhalten Sie Informationen und Unterst\u00fctzung von unseren zust\u00e4ndigen Mitarbeitern.\t\t\t<\/p>\n\t\t\t<\/div>\n<\/div>\t\t<\/div>\n\t<\/div>\n<\/div><\/div>[vc_empty_space height=&#8220;47px&#8220;][\/vc_column_inner][\/vc_row_inner][\/vc_column][\/vc_row][vc_row disable_background_image=&#8220;&#8220; simple_background_image=&#8220;7755&#8243; parallax_background_image=&#8220;7755&#8243;][vc_column]<div class=\"mkdf-elements-holder   mkdf-two-columns  mkdf-responsive-mode-768 \" ><div class=\"mkdf-eh-item    \"  data-item-class=\"mkdf-eh-custom-5380\" data-1280-1600=\"0 0% 40px 30%\" data-1024-1280=\"0 0% 30px 19%\" data-768-1024=\"0 0% 40px 11%\" data-680-768=\"90px 0% 30px 11%\" data-680=\"90px 9% 10px\">\n\t<div class=\"mkdf-eh-item-inner\">\n\t\t<div class=\"mkdf-eh-item-content mkdf-eh-custom-5380\" style=\"padding: 0 0% 30px 40%\">\n\t\t\t[vc_single_image image=&#8220;7777&#8243; img_size=&#8220;full&#8220;]\t\t<\/div>\n\t<\/div>\n<\/div><div class=\"mkdf-eh-item    \"  data-item-class=\"mkdf-eh-custom-2952\" data-1280-1600=\"54px 29% 115px 3%\" data-1024-1280=\"61px 14% 113px 4%\" data-768-1024=\"35px 5% 115px 5%\" data-680-768=\"35px 8% 115px 12%\" data-680=\"35px 8% 115px 12%\">\n\t<div class=\"mkdf-eh-item-inner\">\n\t\t<div class=\"mkdf-eh-item-content mkdf-eh-custom-2952\" style=\"padding: 54px 29% 115px 3%\">\n\t\t\t<h2 class=\"mkdf-custom-font-holder  mkdf-cf-1214  \" style=\"font-family: Montserrat;font-size: 50px;line-height: 70px;font-weight: 600;letter-spacing: -1px;text-align: left;color: #ffffff;margin: 0 0 0 0\" data-item-class=\"mkdf-cf-1214\">\n\tSide Bootstouren: Last Minute Angebot<\/h2><h2 class=\"mkdf-custom-font-holder  mkdf-cf-6229  \" style=\"font-family: Playfair Display;font-size: 20px;line-height: 25px;font-weight: 400;font-style: italic;text-align: left;color: #ffffff;margin: 0 0 0 0\" data-item-class=\"mkdf-cf-6229\">\n\tDie beliebtesten Bootstouren in Side, Side Private Bootsour<\/h2>[vc_empty_space height=&#8220;10px&#8220;][vc_column_text]<span style=\"color: #ffffff;\">\u201eErleben Sie den Nervenkitzel eines Last-Minute-Abenteuers mit unseren Side Bootstouren\u00a0 Nebenboottouren! Tauchen Sie ein in das kristallklare Wasser und erkunden Sie versteckte Buchten, malerische K\u00fcsten und das pulsierende Meeresleben \u2013 und das alles im richtigen Moment. Ganz gleich, ob Sie auf der Suche nach einem spontanen Kurzurlaub oder einem adrenalingeladenen Ausflug sind, unsere erfahrenen Guides sind bereit, Ihren Aufenthalt unvergesslich zu machen.<\/span><\/p>\n<p>&nbsp;<\/p>\n<p><span style=\"color: #ffffff;\">Buchen Sie jetzt und nutzen Sie den Moment! Es sind nur begrenzt Pl\u00e4tze verf\u00fcgbar. Verpassen Sie also nicht die Chance, Erinnerungen zu schaffen, die ein Leben lang anhalten. Begeben Sie sich noch heute auf Ihre spontane Reise!\u201c<\/span><\/p>\n<p>&nbsp;<\/p>\n<p>Besuchen Sie unsere Schwester-Website: <a href=\"https:\/\/www.sidefishingtour.com\" target=\"_blank\" rel=\"noopener\">Side Fishing Tour<\/a>[\/vc_column_text][vc_empty_space]<a itemprop=\"url\" href=\"\/private-boat-tour\/contact-us\/\" target=\"_self\" style=\"color: #ff681a;background-color: #ffffff\" class=\"mkdf-btn mkdf-btn-large mkdf-btn-solid\"  >\n    <span class=\"mkdf-btn-text\">CONTACT US<\/span>\n    <\/a>\t\t<\/div>\n\t<\/div>\n<\/div><\/div>[\/vc_column][\/vc_row][vc_row][vc_column][vc_single_image image=&#8220;7785&#8243;][\/vc_column][\/vc_row]<\/p>\n<\/section>","protected":false},"excerpt":{"rendered":"<p>[vc_row row_content_width=&#8220;grid&#8220; content_text_aligment=&#8220;center&#8220; css=&#8220;.vc_custom_1505813137909{padding-top: 127px !important;padding-bottom: 67px !important;}&#8220; simple_background_color=&#8220;#ff681a&#8220;][vc_column width=&#8220;1\/2&#8243; offset=&#8220;vc_col-md-3&#8243;][vc_empty_space height=&#8220;54px&#8220;][\/vc_column][vc_column width=&#8220;1\/2&#8243; offset=&#8220;vc_col-md-3&#8243;][vc_empty_space height=&#8220;54px&#8220;][\/vc_column][vc_column width=&#8220;1\/2&#8243; offset=&#8220;vc_col-md-3&#8243;][vc_empty_space height=&#8220;54px&#8220;][\/vc_column][vc_column width=&#8220;1\/2&#8243; offset=&#8220;vc_col-md-3&#8243;][vc_empty_space height=&#8220;54px&#8220;][\/vc_column][\/vc_row][vc_row css=&#8220;.vc_custom_1501849194775{padding-top: 70px !important;padding-bottom: 115px !important;background-color: #f8f8f8 !important;}&#8220;][vc_column][vc_row_inner row_content_width=&#8220;grid&#8220;][vc_column_inner][vc_empty_space height=&#8220;47px&#8220;][\/vc_column_inner][\/vc_row_inner][\/vc_column][\/vc_row][vc_row disable_background_image=&#8220;&#8220; simple_background_image=&#8220;7755&#8243; parallax_background_image=&#8220;7755&#8243;][vc_column][\/vc_column][\/vc_row][vc_row][vc_column][vc_single_image image=&#8220;7785&#8243;][\/vc_column][\/vc_row]<\/p>\n","protected":false},"author":1,"featured_media":0,"parent":0,"menu_order":0,"comment_status":"closed","ping_status":"closed","template":"full-width.php","meta":{"footnotes":""},"class_list":["post-8622","page","type-page","status-publish","hentry"],"yoast_head":"<!-- This site is optimized with the Yoast SEO Premium plugin v24.7 (Yoast SEO v26.2) - https:\/\/yoast.com\/wordpress\/plugins\/seo\/ -->\n<title>Side Bootstouren, Die beliebtesten Bootstouren in Side - \u00dcber Uns<\/title>\n<meta name=\"description\" content=\"Side Boat Tour ist ein Familienunternehmen, das Sie mit ihrem erfahrenen Team bedient. Side Bootstouren, private bootstouren in Side Antalya\" \/>\n<meta name=\"robots\" content=\"index, follow, max-snippet:-1, max-image-preview:large, max-video-preview:-1\" \/>\n<link rel=\"canonical\" href=\"https:\/\/sideboattour.com\/private-boat-tour\/de\/ueber-uns-side-bootstouren\/\" \/>\n<meta property=\"og:locale\" content=\"de_DE\" \/>\n<meta property=\"og:type\" content=\"article\" \/>\n<meta property=\"og:title\" content=\"\u00dcber uns\" \/>\n<meta property=\"og:description\" content=\"Side Boat Tour ist ein Familienunternehmen, das Sie mit ihrem erfahrenen Team bedient. Side Bootstouren, private bootstouren in Side Antalya\" \/>\n<meta property=\"og:url\" content=\"https:\/\/sideboattour.com\/private-boat-tour\/de\/ueber-uns-side-bootstouren\/\" \/>\n<meta property=\"og:site_name\" content=\"Side Boat Tour\" \/>\n<meta property=\"article:modified_time\" content=\"2025-04-08T18:00:34+00:00\" \/>\n<meta name=\"twitter:card\" content=\"summary_large_image\" \/>\n<meta name=\"twitter:label1\" content=\"Gesch\u00e4tzte Lesezeit\" \/>\n\t<meta name=\"twitter:data1\" content=\"6\u00a0Minuten\" \/>\n<script type=\"application\/ld+json\" class=\"yoast-schema-graph\">{\"@context\":\"https:\/\/schema.org\",\"@graph\":[{\"@type\":\"WebPage\",\"@id\":\"https:\/\/sideboattour.com\/private-boat-tour\/de\/ueber-uns-side-bootstouren\/\",\"url\":\"https:\/\/sideboattour.com\/private-boat-tour\/de\/ueber-uns-side-bootstouren\/\",\"name\":\"Side Bootstouren, Die beliebtesten Bootstouren in Side - \u00dcber Uns\",\"isPartOf\":{\"@id\":\"https:\/\/sideboattour.com\/private-boat-tour\/de\/#website\"},\"datePublished\":\"2017-08-07T10:02:07+00:00\",\"dateModified\":\"2025-04-08T18:00:34+00:00\",\"description\":\"Side Boat Tour ist ein Familienunternehmen, das Sie mit ihrem erfahrenen Team bedient. Side Bootstouren, private bootstouren in Side Antalya\",\"breadcrumb\":{\"@id\":\"https:\/\/sideboattour.com\/private-boat-tour\/de\/ueber-uns-side-bootstouren\/#breadcrumb\"},\"inLanguage\":\"de\",\"potentialAction\":[{\"@type\":\"ReadAction\",\"target\":[\"https:\/\/sideboattour.com\/private-boat-tour\/de\/ueber-uns-side-bootstouren\/\"]}]},{\"@type\":\"BreadcrumbList\",\"@id\":\"https:\/\/sideboattour.com\/private-boat-tour\/de\/ueber-uns-side-bootstouren\/#breadcrumb\",\"itemListElement\":[{\"@type\":\"ListItem\",\"position\":1,\"name\":\"Home\",\"item\":\"https:\/\/sideboattour.com\/private-boat-tour\/de\/\"},{\"@type\":\"ListItem\",\"position\":2,\"name\":\"\u00dcber uns\"}]},{\"@type\":\"WebSite\",\"@id\":\"https:\/\/sideboattour.com\/private-boat-tour\/de\/#website\",\"url\":\"https:\/\/sideboattour.com\/private-boat-tour\/de\/\",\"name\":\"Side Boat Tour\",\"description\":\"Private Boat Tours\",\"publisher\":{\"@id\":\"https:\/\/sideboattour.com\/private-boat-tour\/de\/#organization\"},\"potentialAction\":[{\"@type\":\"SearchAction\",\"target\":{\"@type\":\"EntryPoint\",\"urlTemplate\":\"https:\/\/sideboattour.com\/private-boat-tour\/de\/?s={search_term_string}\"},\"query-input\":{\"@type\":\"PropertyValueSpecification\",\"valueRequired\":true,\"valueName\":\"search_term_string\"}}],\"inLanguage\":\"de\"},{\"@type\":\"Organization\",\"@id\":\"https:\/\/sideboattour.com\/private-boat-tour\/de\/#organization\",\"name\":\"Side Boat Tour\",\"url\":\"https:\/\/sideboattour.com\/private-boat-tour\/de\/\",\"logo\":{\"@type\":\"ImageObject\",\"inLanguage\":\"de\",\"@id\":\"https:\/\/sideboattour.com\/private-boat-tour\/de\/#\/schema\/logo\/image\/\",\"url\":\"https:\/\/sideboattour.com\/private-boat-tour\/wp-content\/uploads\/2017\/08\/side-boat-tour.png\",\"contentUrl\":\"https:\/\/sideboattour.com\/private-boat-tour\/wp-content\/uploads\/2017\/08\/side-boat-tour.png\",\"width\":1080,\"height\":1080,\"caption\":\"Side Boat Tour\"},\"image\":{\"@id\":\"https:\/\/sideboattour.com\/private-boat-tour\/de\/#\/schema\/logo\/image\/\"}}]}<\/script>\n<!-- \/ Yoast SEO Premium plugin. -->","yoast_head_json":{"title":"Side Bootstouren, Die beliebtesten Bootstouren in Side - \u00dcber Uns","description":"Side Boat Tour ist ein Familienunternehmen, das Sie mit ihrem erfahrenen Team bedient. Side Bootstouren, private bootstouren in Side Antalya","robots":{"index":"index","follow":"follow","max-snippet":"max-snippet:-1","max-image-preview":"max-image-preview:large","max-video-preview":"max-video-preview:-1"},"canonical":"https:\/\/sideboattour.com\/private-boat-tour\/de\/ueber-uns-side-bootstouren\/","og_locale":"de_DE","og_type":"article","og_title":"\u00dcber uns","og_description":"Side Boat Tour ist ein Familienunternehmen, das Sie mit ihrem erfahrenen Team bedient. Side Bootstouren, private bootstouren in Side Antalya","og_url":"https:\/\/sideboattour.com\/private-boat-tour\/de\/ueber-uns-side-bootstouren\/","og_site_name":"Side Boat Tour","article_modified_time":"2025-04-08T18:00:34+00:00","twitter_card":"summary_large_image","twitter_misc":{"Gesch\u00e4tzte Lesezeit":"6\u00a0Minuten"},"schema":{"@context":"https:\/\/schema.org","@graph":[{"@type":"WebPage","@id":"https:\/\/sideboattour.com\/private-boat-tour\/de\/ueber-uns-side-bootstouren\/","url":"https:\/\/sideboattour.com\/private-boat-tour\/de\/ueber-uns-side-bootstouren\/","name":"Side Bootstouren, Die beliebtesten Bootstouren in Side - \u00dcber Uns","isPartOf":{"@id":"https:\/\/sideboattour.com\/private-boat-tour\/de\/#website"},"datePublished":"2017-08-07T10:02:07+00:00","dateModified":"2025-04-08T18:00:34+00:00","description":"Side Boat Tour ist ein Familienunternehmen, das Sie mit ihrem erfahrenen Team bedient. Side Bootstouren, private bootstouren in Side Antalya","breadcrumb":{"@id":"https:\/\/sideboattour.com\/private-boat-tour\/de\/ueber-uns-side-bootstouren\/#breadcrumb"},"inLanguage":"de","potentialAction":[{"@type":"ReadAction","target":["https:\/\/sideboattour.com\/private-boat-tour\/de\/ueber-uns-side-bootstouren\/"]}]},{"@type":"BreadcrumbList","@id":"https:\/\/sideboattour.com\/private-boat-tour\/de\/ueber-uns-side-bootstouren\/#breadcrumb","itemListElement":[{"@type":"ListItem","position":1,"name":"Home","item":"https:\/\/sideboattour.com\/private-boat-tour\/de\/"},{"@type":"ListItem","position":2,"name":"\u00dcber uns"}]},{"@type":"WebSite","@id":"https:\/\/sideboattour.com\/private-boat-tour\/de\/#website","url":"https:\/\/sideboattour.com\/private-boat-tour\/de\/","name":"Side Boat Tour","description":"Private Boat Tours","publisher":{"@id":"https:\/\/sideboattour.com\/private-boat-tour\/de\/#organization"},"potentialAction":[{"@type":"SearchAction","target":{"@type":"EntryPoint","urlTemplate":"https:\/\/sideboattour.com\/private-boat-tour\/de\/?s={search_term_string}"},"query-input":{"@type":"PropertyValueSpecification","valueRequired":true,"valueName":"search_term_string"}}],"inLanguage":"de"},{"@type":"Organization","@id":"https:\/\/sideboattour.com\/private-boat-tour\/de\/#organization","name":"Side Boat Tour","url":"https:\/\/sideboattour.com\/private-boat-tour\/de\/","logo":{"@type":"ImageObject","inLanguage":"de","@id":"https:\/\/sideboattour.com\/private-boat-tour\/de\/#\/schema\/logo\/image\/","url":"https:\/\/sideboattour.com\/private-boat-tour\/wp-content\/uploads\/2017\/08\/side-boat-tour.png","contentUrl":"https:\/\/sideboattour.com\/private-boat-tour\/wp-content\/uploads\/2017\/08\/side-boat-tour.png","width":1080,"height":1080,"caption":"Side Boat Tour"},"image":{"@id":"https:\/\/sideboattour.com\/private-boat-tour\/de\/#\/schema\/logo\/image\/"}}]}},"_links":{"self":[{"href":"https:\/\/sideboattour.com\/private-boat-tour\/de\/wp-json\/wp\/v2\/pages\/8622","targetHints":{"allow":["GET"]}}],"collection":[{"href":"https:\/\/sideboattour.com\/private-boat-tour\/de\/wp-json\/wp\/v2\/pages"}],"about":[{"href":"https:\/\/sideboattour.com\/private-boat-tour\/de\/wp-json\/wp\/v2\/types\/page"}],"author":[{"embeddable":true,"href":"https:\/\/sideboattour.com\/private-boat-tour\/de\/wp-json\/wp\/v2\/users\/1"}],"replies":[{"embeddable":true,"href":"https:\/\/sideboattour.com\/private-boat-tour\/de\/wp-json\/wp\/v2\/comments?post=8622"}],"version-history":[{"count":8,"href":"https:\/\/sideboattour.com\/private-boat-tour\/de\/wp-json\/wp\/v2\/pages\/8622\/revisions"}],"predecessor-version":[{"id":8781,"href":"https:\/\/sideboattour.com\/private-boat-tour\/de\/wp-json\/wp\/v2\/pages\/8622\/revisions\/8781"}],"wp:attachment":[{"href":"https:\/\/sideboattour.com\/private-boat-tour\/de\/wp-json\/wp\/v2\/media?parent=8622"}],"curies":[{"name":"wp","href":"https:\/\/api.w.org\/{rel}","templated":true}]}}