{"id":8621,"date":"2024-04-24T14:50:47","date_gmt":"2024-04-24T11:50:47","guid":{"rendered":"https:\/\/sideboattour.com\/private-boat-tour\/andere-boote\/"},"modified":"2025-11-06T17:32:31","modified_gmt":"2025-11-06T14:32:31","slug":"andere-boote","status":"publish","type":"page","link":"https:\/\/sideboattour.com\/private-boat-tour\/de\/andere-boote\/","title":{"rendered":"Andere Boote"},"content":{"rendered":"<section class=\"wpb-content-wrapper\"><p>[vc_row css=&#8220;.vc_custom_1501849194775{padding-top: 70px !important;padding-bottom: 115px !important;background-color: #f8f8f8 !important;}&#8220;][vc_column][vc_row_inner row_content_width=&#8220;grid&#8220;][vc_column_inner]<div class=\"mkdf-elements-holder   mkdf-one-column  mkdf-responsive-mode-768 \" ><div class=\"mkdf-eh-item   mkdf-horizontal-alignment-center \"  data-item-class=\"mkdf-eh-custom-3615\" data-768-1024=\"0 7% 0 7%\" data-680-768=\"0 8% 0 8%\" data-680=\"0 0% 0 0%\">\n\t<div class=\"mkdf-eh-item-inner\">\n\t\t<div class=\"mkdf-eh-item-content mkdf-eh-custom-3615\" style=\"padding: 0 15% 0 15%\">\n\t\t\t<div class=\"mkdf-section-title-holder  \" style=\"text-align: center\">\n\t<div class=\"mkdf-st-inner\">\n\t\t\t\t\t<h5 class=\"mkdf-st-subtitle\" >\n\t\t\t\tselect &amp; enjoy\t\t\t<\/h5>\n\t\t\t\t\t\t\t<h3 class=\"mkdf-st-title\" >\n\t\t\t\tMieten Sie ein Boot f\u00fcr eine private Bootstour in Side\t\t\t<\/h3>\n\t\t\t\t\t\t\t<p class=\"mkdf-st-text\" >\n\t\t\t\tSind Sie bereit f\u00fcr ein unvergessliches Abenteuer und erkunden malerische Wasserstra\u00dfen und verborgene Sch\u00e4tze bequem von einem luxuri\u00f6sen Privatboot aus? Suchen Sie nicht weiter! Unsere exklusiven privaten Bootstouren in Booten bieten ein unvergleichliches Erlebnis, das Komfort, Luxus und Spannung vereint. Entdecken Sie die Sch\u00f6nheit der Side Boat Tour wie nie zuvor, w\u00e4hrend Sie an Bord unserer sorgf\u00e4ltig gefertigten Boote durch ruhige Gew\u00e4sser gleiten. Egal, ob Sie einen romantischen Kurzurlaub, einen Familienausflug oder ein aufregendes Abenteuer mit Freunden suchen, unsere privaten Bootstouren erf\u00fcllen alle Ihre W\u00fcnsche. Stellen Sie sich vor, Sie genie\u00dfen von einem einzigartigen Aussichtspunkt aus die atemberaubende Aussicht auf Side und die K\u00fcste von Antalya, genie\u00dfen die warmen Sonnenstrahlen und sp\u00fcren die sanfte Brise auf Ihrer Haut. Mit unseren erfahrenen Guides am Steuer entdecken Sie versteckte Buchten, unber\u00fchrte Str\u00e4nde und faszinierende Naturschutzgebiete entlang der K\u00fcste. Bei Side Boat Tour legen wir h\u00f6chsten Wert auf Ihren Komfort und Ihre Sicherheit. Unsere Bootsflotte ist mit modernsten Annehmlichkeiten ausgestattet, um eine reibungslose und angenehme Reise zu gew\u00e4hrleisten. Entspannen Sie sich in bequemen Sitzbereichen, g\u00f6nnen Sie sich Gourmet-Erfrischungen und lassen Sie sich von unserer sachkundigen Crew um jedes Detail k\u00fcmmern. Ganz gleich, ob Sie ein erfahrener Meeresliebhaber oder ein neuer Abenteurer sind, unsere privaten Bootstouren bieten f\u00fcr jeden etwas. Passen Sie Ihre Reiseroute an Ihre Vorlieben an, egal ob Sie im kristallklaren Wasser schnorcheln, bezaubernde K\u00fcstend\u00f6rfer erkunden oder einfach bei einem erfrischenden Bad in einsamen Lagunen entspannen m\u00f6chten. Verpassen Sie nicht die Gelegenheit, Erinnerungen zu schaffen, die ein Leben lang anhalten. Buchen Sie noch heute Ihre private Bootstour in Side von unseren Booten aus und begeben Sie sich auf eine unvergessliche Reise durch die bezaubernden Gew\u00e4sser von Side, Antalya. Lassen Sie sich von uns in eine Welt unvergleichlicher Sch\u00f6nheit und Abenteuer f\u00fchren.\t\t\t<\/p>\n\t\t\t<\/div>\n<\/div>\t\t<\/div>\n\t<\/div>\n<\/div><\/div>[vc_empty_space height=&#8220;47px&#8220;]<div class=\"mkdf-section-title-holder  \" style=\"text-align: center\">\n\t<div class=\"mkdf-st-inner\">\n\t\t\t\t\t<h5 class=\"mkdf-st-subtitle\" >\n\t\t\t\tDestina Dreams\t\t\t<\/h5>\n\t\t\t\t\t\t\t<\/div>\n<\/div>[vc_gallery type=&#8220;image_grid&#8220; images=&#8220;9035,9043,9039,9047&#8243;][vc_empty_space height=&#8220;47px&#8220;][\/vc_column_inner][\/vc_row_inner][\/vc_column][\/vc_row]<\/p>\n<\/section>","protected":false},"excerpt":{"rendered":"<p>[vc_row css=&#8220;.vc_custom_1501849194775{padding-top: 70px !important;padding-bottom: 115px !important;background-color: #f8f8f8 !important;}&#8220;][vc_column][vc_row_inner row_content_width=&#8220;grid&#8220;][vc_column_inner][vc_empty_space height=&#8220;47px&#8220;][vc_gallery type=&#8220;image_grid&#8220; images=&#8220;9035,9043,9039,9047&#8243;][vc_empty_space height=&#8220;47px&#8220;][\/vc_column_inner][\/vc_row_inner][\/vc_column][\/vc_row]<\/p>\n","protected":false},"author":1,"featured_media":0,"parent":0,"menu_order":0,"comment_status":"closed","ping_status":"closed","template":"full-width.php","meta":{"footnotes":""},"class_list":["post-8621","page","type-page","status-publish","hentry"],"yoast_head":"<!-- This site is optimized with the Yoast SEO Premium plugin v24.7 (Yoast SEO v26.2) - https:\/\/yoast.com\/wordpress\/plugins\/seo\/ -->\n<title>Andere Boote - Side Boat Tour<\/title>\n<meta name=\"robots\" content=\"index, follow, max-snippet:-1, max-image-preview:large, max-video-preview:-1\" \/>\n<link rel=\"canonical\" href=\"https:\/\/sideboattour.com\/private-boat-tour\/de\/andere-boote\/\" \/>\n<meta property=\"og:locale\" content=\"de_DE\" \/>\n<meta property=\"og:type\" content=\"article\" \/>\n<meta property=\"og:title\" content=\"Andere Boote\" \/>\n<meta property=\"og:description\" content=\"[vc_row css=&#8220;.vc_custom_1501849194775{padding-top: 70px !important;padding-bottom: 115px !important;background-color: #f8f8f8 !important;}&#8220;][vc_column][vc_row_inner row_content_width=&#8220;grid&#8220;][vc_column_inner][vc_empty_space height=&#8220;47px&#8220;][vc_gallery type=&#8220;image_grid&#8220; images=&#8220;9035,9043,9039,9047&#8243;][vc_empty_space height=&#8220;47px&#8220;][\/vc_column_inner][\/vc_row_inner][\/vc_column][\/vc_row]\" \/>\n<meta property=\"og:url\" content=\"https:\/\/sideboattour.com\/private-boat-tour\/de\/andere-boote\/\" \/>\n<meta property=\"og:site_name\" content=\"Side Boat Tour\" \/>\n<meta property=\"article:modified_time\" content=\"2025-11-06T14:32:31+00:00\" \/>\n<meta name=\"twitter:card\" content=\"summary_large_image\" \/>\n<meta name=\"twitter:label1\" content=\"Gesch\u00e4tzte Lesezeit\" \/>\n\t<meta name=\"twitter:data1\" content=\"4\u00a0Minuten\" \/>\n<script type=\"application\/ld+json\" class=\"yoast-schema-graph\">{\"@context\":\"https:\/\/schema.org\",\"@graph\":[{\"@type\":\"WebPage\",\"@id\":\"https:\/\/sideboattour.com\/private-boat-tour\/de\/andere-boote\/\",\"url\":\"https:\/\/sideboattour.com\/private-boat-tour\/de\/andere-boote\/\",\"name\":\"Andere Boote - Side Boat Tour\",\"isPartOf\":{\"@id\":\"https:\/\/sideboattour.com\/private-boat-tour\/de\/#website\"},\"datePublished\":\"2024-04-24T11:50:47+00:00\",\"dateModified\":\"2025-11-06T14:32:31+00:00\",\"breadcrumb\":{\"@id\":\"https:\/\/sideboattour.com\/private-boat-tour\/de\/andere-boote\/#breadcrumb\"},\"inLanguage\":\"de\",\"potentialAction\":[{\"@type\":\"ReadAction\",\"target\":[\"https:\/\/sideboattour.com\/private-boat-tour\/de\/andere-boote\/\"]}]},{\"@type\":\"BreadcrumbList\",\"@id\":\"https:\/\/sideboattour.com\/private-boat-tour\/de\/andere-boote\/#breadcrumb\",\"itemListElement\":[{\"@type\":\"ListItem\",\"position\":1,\"name\":\"Home\",\"item\":\"https:\/\/sideboattour.com\/private-boat-tour\/de\/\"},{\"@type\":\"ListItem\",\"position\":2,\"name\":\"Andere Boote\"}]},{\"@type\":\"WebSite\",\"@id\":\"https:\/\/sideboattour.com\/private-boat-tour\/de\/#website\",\"url\":\"https:\/\/sideboattour.com\/private-boat-tour\/de\/\",\"name\":\"Side Boat Tour\",\"description\":\"Private Boat Tours\",\"publisher\":{\"@id\":\"https:\/\/sideboattour.com\/private-boat-tour\/de\/#organization\"},\"potentialAction\":[{\"@type\":\"SearchAction\",\"target\":{\"@type\":\"EntryPoint\",\"urlTemplate\":\"https:\/\/sideboattour.com\/private-boat-tour\/de\/?s={search_term_string}\"},\"query-input\":{\"@type\":\"PropertyValueSpecification\",\"valueRequired\":true,\"valueName\":\"search_term_string\"}}],\"inLanguage\":\"de\"},{\"@type\":\"Organization\",\"@id\":\"https:\/\/sideboattour.com\/private-boat-tour\/de\/#organization\",\"name\":\"Side Boat Tour\",\"url\":\"https:\/\/sideboattour.com\/private-boat-tour\/de\/\",\"logo\":{\"@type\":\"ImageObject\",\"inLanguage\":\"de\",\"@id\":\"https:\/\/sideboattour.com\/private-boat-tour\/de\/#\/schema\/logo\/image\/\",\"url\":\"https:\/\/sideboattour.com\/private-boat-tour\/wp-content\/uploads\/2017\/08\/side-boat-tour.png\",\"contentUrl\":\"https:\/\/sideboattour.com\/private-boat-tour\/wp-content\/uploads\/2017\/08\/side-boat-tour.png\",\"width\":1080,\"height\":1080,\"caption\":\"Side Boat Tour\"},\"image\":{\"@id\":\"https:\/\/sideboattour.com\/private-boat-tour\/de\/#\/schema\/logo\/image\/\"}}]}<\/script>\n<!-- \/ Yoast SEO Premium plugin. -->","yoast_head_json":{"title":"Andere Boote - Side Boat Tour","robots":{"index":"index","follow":"follow","max-snippet":"max-snippet:-1","max-image-preview":"max-image-preview:large","max-video-preview":"max-video-preview:-1"},"canonical":"https:\/\/sideboattour.com\/private-boat-tour\/de\/andere-boote\/","og_locale":"de_DE","og_type":"article","og_title":"Andere Boote","og_description":"[vc_row css=&#8220;.vc_custom_1501849194775{padding-top: 70px !important;padding-bottom: 115px !important;background-color: #f8f8f8 !important;}&#8220;][vc_column][vc_row_inner row_content_width=&#8220;grid&#8220;][vc_column_inner][vc_empty_space height=&#8220;47px&#8220;][vc_gallery type=&#8220;image_grid&#8220; images=&#8220;9035,9043,9039,9047&#8243;][vc_empty_space height=&#8220;47px&#8220;][\/vc_column_inner][\/vc_row_inner][\/vc_column][\/vc_row]","og_url":"https:\/\/sideboattour.com\/private-boat-tour\/de\/andere-boote\/","og_site_name":"Side Boat Tour","article_modified_time":"2025-11-06T14:32:31+00:00","twitter_card":"summary_large_image","twitter_misc":{"Gesch\u00e4tzte Lesezeit":"4\u00a0Minuten"},"schema":{"@context":"https:\/\/schema.org","@graph":[{"@type":"WebPage","@id":"https:\/\/sideboattour.com\/private-boat-tour\/de\/andere-boote\/","url":"https:\/\/sideboattour.com\/private-boat-tour\/de\/andere-boote\/","name":"Andere Boote - Side Boat Tour","isPartOf":{"@id":"https:\/\/sideboattour.com\/private-boat-tour\/de\/#website"},"datePublished":"2024-04-24T11:50:47+00:00","dateModified":"2025-11-06T14:32:31+00:00","breadcrumb":{"@id":"https:\/\/sideboattour.com\/private-boat-tour\/de\/andere-boote\/#breadcrumb"},"inLanguage":"de","potentialAction":[{"@type":"ReadAction","target":["https:\/\/sideboattour.com\/private-boat-tour\/de\/andere-boote\/"]}]},{"@type":"BreadcrumbList","@id":"https:\/\/sideboattour.com\/private-boat-tour\/de\/andere-boote\/#breadcrumb","itemListElement":[{"@type":"ListItem","position":1,"name":"Home","item":"https:\/\/sideboattour.com\/private-boat-tour\/de\/"},{"@type":"ListItem","position":2,"name":"Andere Boote"}]},{"@type":"WebSite","@id":"https:\/\/sideboattour.com\/private-boat-tour\/de\/#website","url":"https:\/\/sideboattour.com\/private-boat-tour\/de\/","name":"Side Boat Tour","description":"Private Boat Tours","publisher":{"@id":"https:\/\/sideboattour.com\/private-boat-tour\/de\/#organization"},"potentialAction":[{"@type":"SearchAction","target":{"@type":"EntryPoint","urlTemplate":"https:\/\/sideboattour.com\/private-boat-tour\/de\/?s={search_term_string}"},"query-input":{"@type":"PropertyValueSpecification","valueRequired":true,"valueName":"search_term_string"}}],"inLanguage":"de"},{"@type":"Organization","@id":"https:\/\/sideboattour.com\/private-boat-tour\/de\/#organization","name":"Side Boat Tour","url":"https:\/\/sideboattour.com\/private-boat-tour\/de\/","logo":{"@type":"ImageObject","inLanguage":"de","@id":"https:\/\/sideboattour.com\/private-boat-tour\/de\/#\/schema\/logo\/image\/","url":"https:\/\/sideboattour.com\/private-boat-tour\/wp-content\/uploads\/2017\/08\/side-boat-tour.png","contentUrl":"https:\/\/sideboattour.com\/private-boat-tour\/wp-content\/uploads\/2017\/08\/side-boat-tour.png","width":1080,"height":1080,"caption":"Side Boat Tour"},"image":{"@id":"https:\/\/sideboattour.com\/private-boat-tour\/de\/#\/schema\/logo\/image\/"}}]}},"_links":{"self":[{"href":"https:\/\/sideboattour.com\/private-boat-tour\/de\/wp-json\/wp\/v2\/pages\/8621","targetHints":{"allow":["GET"]}}],"collection":[{"href":"https:\/\/sideboattour.com\/private-boat-tour\/de\/wp-json\/wp\/v2\/pages"}],"about":[{"href":"https:\/\/sideboattour.com\/private-boat-tour\/de\/wp-json\/wp\/v2\/types\/page"}],"author":[{"embeddable":true,"href":"https:\/\/sideboattour.com\/private-boat-tour\/de\/wp-json\/wp\/v2\/users\/1"}],"replies":[{"embeddable":true,"href":"https:\/\/sideboattour.com\/private-boat-tour\/de\/wp-json\/wp\/v2\/comments?post=8621"}],"version-history":[{"count":3,"href":"https:\/\/sideboattour.com\/private-boat-tour\/de\/wp-json\/wp\/v2\/pages\/8621\/revisions"}],"predecessor-version":[{"id":9058,"href":"https:\/\/sideboattour.com\/private-boat-tour\/de\/wp-json\/wp\/v2\/pages\/8621\/revisions\/9058"}],"wp:attachment":[{"href":"https:\/\/sideboattour.com\/private-boat-tour\/de\/wp-json\/wp\/v2\/media?parent=8621"}],"curies":[{"name":"wp","href":"https:\/\/api.w.org\/{rel}","templated":true}]}}